{"id":139,"date":"2023-09-25T08:51:42","date_gmt":"2023-09-25T08:51:42","guid":{"rendered":"https:\/\/www.eventlounge.be\/evl23\/?page_id=139"},"modified":"2024-03-21T13:28:53","modified_gmt":"2024-03-21T13:28:53","slug":"des-evenements-dentreprise-durables","status":"publish","type":"page","link":"https:\/\/www.eventlounge.be\/fr\/a-propos\/des-evenements-dentreprise-durables\/","title":{"rendered":"Des \u00e9v\u00e9nements d\u2019entreprise durables"},"content":{"rendered":"<p>Nous sommes des experts en \u00e9v\u00e9nements durables, une tendance majeure de l\u2019industrie \u00e9v\u00e9nementielle. Nous comprenons l\u2019impact environnemental de l\u2019organisation et de la production d\u2019\u00e9v\u00e9nements, notamment la consommation d\u2019\u00e9nergie, d\u2019eau et des d\u00e9chets g\u00e9n\u00e9r\u00e9s. Pour r\u00e9pondre concr\u00e8tement \u00e0 ce d\u00e9fi, l\u2019Event Lounge a mis en place diverses solutions \u00e9cologiques. Et ce n\u2019est que le d\u00e9but, de nombreuses autres innovations vous attendent dans le futur.<\/p>\n","protected":false},"excerpt":{"rendered":"Nous sommes des experts en \u00e9v\u00e9nements durables, une tendance majeure de l\u2019industrie \u00e9v\u00e9nementielle. Nous comprenons l\u2019impact environnemental de l\u2019organisation et de la production d\u2019\u00e9v\u00e9nements, notamment la consommation d\u2019\u00e9nergie, d\u2019eau et des d\u00e9chets g\u00e9n\u00e9r\u00e9s. Pour r\u00e9pondre concr\u00e8tement \u00e0 ce d\u00e9fi, l\u2019Event Lounge a mis en place diverses solutions \u00e9cologiques. Et ce n\u2019est que le d\u00e9but, de","protected":false},"author":1,"featured_media":141,"parent":28,"menu_order":0,"comment_status":"closed","ping_status":"closed","template":"","meta":{"_acf_changed":false,"footnotes":""},"class_list":["post-139","page","type-page","status-publish","has-post-thumbnail","hentry"],"acf":[],"yoast_head":"<!-- This site is optimized with the Yoast SEO plugin v26.9 - https:\/\/yoast.com\/product\/yoast-seo-wordpress\/ -->\n<title>Des \u00e9v\u00e9nements d\u2019entreprise durables - Eventlounge<\/title>\n<meta name=\"robots\" content=\"index, follow, max-snippet:-1, max-image-preview:large, max-video-preview:-1\" \/>\n<link rel=\"canonical\" href=\"https:\/\/www.eventlounge.be\/fr\/a-propos\/des-evenements-dentreprise-durables\/\" \/>\n<meta property=\"og:locale\" content=\"fr_FR\" \/>\n<meta property=\"og:type\" content=\"article\" \/>\n<meta property=\"og:title\" content=\"Des \u00e9v\u00e9nements d\u2019entreprise durables - Eventlounge\" \/>\n<meta property=\"og:description\" content=\"Nous sommes des experts en \u00e9v\u00e9nements durables, une tendance majeure de l\u2019industrie \u00e9v\u00e9nementielle. Nous comprenons l\u2019impact environnemental de l\u2019organisation et de la production d\u2019\u00e9v\u00e9nements, notamment la consommation d\u2019\u00e9nergie, d\u2019eau et des d\u00e9chets g\u00e9n\u00e9r\u00e9s. Pour r\u00e9pondre concr\u00e8tement \u00e0 ce d\u00e9fi, l\u2019Event Lounge a mis en place diverses solutions \u00e9cologiques. Et ce n\u2019est que le d\u00e9but, de\" \/>\n<meta property=\"og:url\" content=\"https:\/\/www.eventlounge.be\/fr\/a-propos\/des-evenements-dentreprise-durables\/\" \/>\n<meta property=\"og:site_name\" content=\"Eventlounge\" \/>\n<meta property=\"article:publisher\" content=\"https:\/\/www.facebook.com\/EventLoungeBEL\/\" \/>\n<meta property=\"article:modified_time\" content=\"2024-03-21T13:28:53+00:00\" \/>\n<meta property=\"og:image\" content=\"https:\/\/www.eventlounge.be\/wp-content\/uploads\/2023\/09\/Eggo-130-jpg.webp\" \/>\n\t<meta property=\"og:image:width\" content=\"1024\" \/>\n\t<meta property=\"og:image:height\" content=\"683\" \/>\n\t<meta property=\"og:image:type\" content=\"image\/jpeg\" \/>\n<meta name=\"twitter:card\" content=\"summary_large_image\" \/>\n<script type=\"application\/ld+json\" class=\"yoast-schema-graph\">{\"@context\":\"https:\/\/schema.org\",\"@graph\":[{\"@type\":\"WebPage\",\"@id\":\"https:\/\/www.eventlounge.be\/fr\/a-propos\/des-evenements-dentreprise-durables\/\",\"url\":\"https:\/\/www.eventlounge.be\/fr\/a-propos\/des-evenements-dentreprise-durables\/\",\"name\":\"Des \u00e9v\u00e9nements d\u2019entreprise durables - Eventlounge\",\"isPartOf\":{\"@id\":\"https:\/\/www.eventlounge.be\/nl\/#website\"},\"primaryImageOfPage\":{\"@id\":\"https:\/\/www.eventlounge.be\/fr\/a-propos\/des-evenements-dentreprise-durables\/#primaryimage\"},\"image\":{\"@id\":\"https:\/\/www.eventlounge.be\/fr\/a-propos\/des-evenements-dentreprise-durables\/#primaryimage\"},\"thumbnailUrl\":\"https:\/\/www.eventlounge.be\/wp-content\/uploads\/2023\/09\/Eggo-130-jpg.webp\",\"datePublished\":\"2023-09-25T08:51:42+00:00\",\"dateModified\":\"2024-03-21T13:28:53+00:00\",\"breadcrumb\":{\"@id\":\"https:\/\/www.eventlounge.be\/fr\/a-propos\/des-evenements-dentreprise-durables\/#breadcrumb\"},\"inLanguage\":\"fr-FR\",\"potentialAction\":[{\"@type\":\"ReadAction\",\"target\":[\"https:\/\/www.eventlounge.be\/fr\/a-propos\/des-evenements-dentreprise-durables\/\"]}]},{\"@type\":\"ImageObject\",\"inLanguage\":\"fr-FR\",\"@id\":\"https:\/\/www.eventlounge.be\/fr\/a-propos\/des-evenements-dentreprise-durables\/#primaryimage\",\"url\":\"https:\/\/www.eventlounge.be\/wp-content\/uploads\/2023\/09\/Eggo-130-jpg.webp\",\"contentUrl\":\"https:\/\/www.eventlounge.be\/wp-content\/uploads\/2023\/09\/Eggo-130-jpg.webp\",\"width\":1024,\"height\":683,\"caption\":\"Conf\u00e9rence d'entreprise durable donn\u00e9es \u00e0 l'Event Lounge\"},{\"@type\":\"BreadcrumbList\",\"@id\":\"https:\/\/www.eventlounge.be\/fr\/a-propos\/des-evenements-dentreprise-durables\/#breadcrumb\",\"itemListElement\":[{\"@type\":\"ListItem\",\"position\":1,\"name\":\"Home\",\"item\":\"https:\/\/www.eventlounge.be\/fr\/\"},{\"@type\":\"ListItem\",\"position\":2,\"name\":\"\u00c0 propos\",\"item\":\"https:\/\/www.eventlounge.be\/fr\/a-propos\/\"},{\"@type\":\"ListItem\",\"position\":3,\"name\":\"Des \u00e9v\u00e9nements d\u2019entreprise durables\"}]},{\"@type\":\"WebSite\",\"@id\":\"https:\/\/www.eventlounge.be\/nl\/#website\",\"url\":\"https:\/\/www.eventlounge.be\/nl\/\",\"name\":\"Eventlounge\",\"description\":\"\",\"publisher\":{\"@id\":\"https:\/\/www.eventlounge.be\/nl\/#organization\"},\"potentialAction\":[{\"@type\":\"SearchAction\",\"target\":{\"@type\":\"EntryPoint\",\"urlTemplate\":\"https:\/\/www.eventlounge.be\/nl\/?s={search_term_string}\"},\"query-input\":{\"@type\":\"PropertyValueSpecification\",\"valueRequired\":true,\"valueName\":\"search_term_string\"}}],\"inLanguage\":\"fr-FR\"},{\"@type\":\"Organization\",\"@id\":\"https:\/\/www.eventlounge.be\/nl\/#organization\",\"name\":\"Eventlounge\",\"url\":\"https:\/\/www.eventlounge.be\/nl\/\",\"logo\":{\"@type\":\"ImageObject\",\"inLanguage\":\"fr-FR\",\"@id\":\"https:\/\/www.eventlounge.be\/nl\/#\/schema\/logo\/image\/\",\"url\":\"https:\/\/www.eventlounge.be\/wp-content\/uploads\/2023\/12\/EVENTLOUNGE.png\",\"contentUrl\":\"https:\/\/www.eventlounge.be\/wp-content\/uploads\/2023\/12\/EVENTLOUNGE.png\",\"width\":557,\"height\":441,\"caption\":\"Eventlounge\"},\"image\":{\"@id\":\"https:\/\/www.eventlounge.be\/nl\/#\/schema\/logo\/image\/\"},\"sameAs\":[\"https:\/\/www.facebook.com\/EventLoungeBEL\/\",\"https:\/\/www.instagram.com\/eventloungebrussels\/\",\"https:\/\/www.linkedin.com\/company\/the-event-lounge\/\"]}]}<\/script>\n<!-- \/ Yoast SEO plugin. -->","yoast_head_json":{"title":"Des \u00e9v\u00e9nements d\u2019entreprise durables - Eventlounge","robots":{"index":"index","follow":"follow","max-snippet":"max-snippet:-1","max-image-preview":"max-image-preview:large","max-video-preview":"max-video-preview:-1"},"canonical":"https:\/\/www.eventlounge.be\/fr\/a-propos\/des-evenements-dentreprise-durables\/","og_locale":"fr_FR","og_type":"article","og_title":"Des \u00e9v\u00e9nements d\u2019entreprise durables - Eventlounge","og_description":"Nous sommes des experts en \u00e9v\u00e9nements durables, une tendance majeure de l\u2019industrie \u00e9v\u00e9nementielle. Nous comprenons l\u2019impact environnemental de l\u2019organisation et de la production d\u2019\u00e9v\u00e9nements, notamment la consommation d\u2019\u00e9nergie, d\u2019eau et des d\u00e9chets g\u00e9n\u00e9r\u00e9s. Pour r\u00e9pondre concr\u00e8tement \u00e0 ce d\u00e9fi, l\u2019Event Lounge a mis en place diverses solutions \u00e9cologiques. Et ce n\u2019est que le d\u00e9but, de","og_url":"https:\/\/www.eventlounge.be\/fr\/a-propos\/des-evenements-dentreprise-durables\/","og_site_name":"Eventlounge","article_publisher":"https:\/\/www.facebook.com\/EventLoungeBEL\/","article_modified_time":"2024-03-21T13:28:53+00:00","og_image":[{"width":1024,"height":683,"url":"https:\/\/www.eventlounge.be\/wp-content\/uploads\/2023\/09\/Eggo-130-jpg.webp","type":"image\/jpeg"}],"twitter_card":"summary_large_image","schema":{"@context":"https:\/\/schema.org","@graph":[{"@type":"WebPage","@id":"https:\/\/www.eventlounge.be\/fr\/a-propos\/des-evenements-dentreprise-durables\/","url":"https:\/\/www.eventlounge.be\/fr\/a-propos\/des-evenements-dentreprise-durables\/","name":"Des \u00e9v\u00e9nements d\u2019entreprise durables - Eventlounge","isPartOf":{"@id":"https:\/\/www.eventlounge.be\/nl\/#website"},"primaryImageOfPage":{"@id":"https:\/\/www.eventlounge.be\/fr\/a-propos\/des-evenements-dentreprise-durables\/#primaryimage"},"image":{"@id":"https:\/\/www.eventlounge.be\/fr\/a-propos\/des-evenements-dentreprise-durables\/#primaryimage"},"thumbnailUrl":"https:\/\/www.eventlounge.be\/wp-content\/uploads\/2023\/09\/Eggo-130-jpg.webp","datePublished":"2023-09-25T08:51:42+00:00","dateModified":"2024-03-21T13:28:53+00:00","breadcrumb":{"@id":"https:\/\/www.eventlounge.be\/fr\/a-propos\/des-evenements-dentreprise-durables\/#breadcrumb"},"inLanguage":"fr-FR","potentialAction":[{"@type":"ReadAction","target":["https:\/\/www.eventlounge.be\/fr\/a-propos\/des-evenements-dentreprise-durables\/"]}]},{"@type":"ImageObject","inLanguage":"fr-FR","@id":"https:\/\/www.eventlounge.be\/fr\/a-propos\/des-evenements-dentreprise-durables\/#primaryimage","url":"https:\/\/www.eventlounge.be\/wp-content\/uploads\/2023\/09\/Eggo-130-jpg.webp","contentUrl":"https:\/\/www.eventlounge.be\/wp-content\/uploads\/2023\/09\/Eggo-130-jpg.webp","width":1024,"height":683,"caption":"Conf\u00e9rence d'entreprise durable donn\u00e9es \u00e0 l'Event Lounge"},{"@type":"BreadcrumbList","@id":"https:\/\/www.eventlounge.be\/fr\/a-propos\/des-evenements-dentreprise-durables\/#breadcrumb","itemListElement":[{"@type":"ListItem","position":1,"name":"Home","item":"https:\/\/www.eventlounge.be\/fr\/"},{"@type":"ListItem","position":2,"name":"\u00c0 propos","item":"https:\/\/www.eventlounge.be\/fr\/a-propos\/"},{"@type":"ListItem","position":3,"name":"Des \u00e9v\u00e9nements d\u2019entreprise durables"}]},{"@type":"WebSite","@id":"https:\/\/www.eventlounge.be\/nl\/#website","url":"https:\/\/www.eventlounge.be\/nl\/","name":"Eventlounge","description":"","publisher":{"@id":"https:\/\/www.eventlounge.be\/nl\/#organization"},"potentialAction":[{"@type":"SearchAction","target":{"@type":"EntryPoint","urlTemplate":"https:\/\/www.eventlounge.be\/nl\/?s={search_term_string}"},"query-input":{"@type":"PropertyValueSpecification","valueRequired":true,"valueName":"search_term_string"}}],"inLanguage":"fr-FR"},{"@type":"Organization","@id":"https:\/\/www.eventlounge.be\/nl\/#organization","name":"Eventlounge","url":"https:\/\/www.eventlounge.be\/nl\/","logo":{"@type":"ImageObject","inLanguage":"fr-FR","@id":"https:\/\/www.eventlounge.be\/nl\/#\/schema\/logo\/image\/","url":"https:\/\/www.eventlounge.be\/wp-content\/uploads\/2023\/12\/EVENTLOUNGE.png","contentUrl":"https:\/\/www.eventlounge.be\/wp-content\/uploads\/2023\/12\/EVENTLOUNGE.png","width":557,"height":441,"caption":"Eventlounge"},"image":{"@id":"https:\/\/www.eventlounge.be\/nl\/#\/schema\/logo\/image\/"},"sameAs":["https:\/\/www.facebook.com\/EventLoungeBEL\/","https:\/\/www.instagram.com\/eventloungebrussels\/","https:\/\/www.linkedin.com\/company\/the-event-lounge\/"]}]}},"_links":{"self":[{"href":"https:\/\/www.eventlounge.be\/fr\/wp-json\/wp\/v2\/pages\/139","targetHints":{"allow":["GET"]}}],"collection":[{"href":"https:\/\/www.eventlounge.be\/fr\/wp-json\/wp\/v2\/pages"}],"about":[{"href":"https:\/\/www.eventlounge.be\/fr\/wp-json\/wp\/v2\/types\/page"}],"author":[{"embeddable":true,"href":"https:\/\/www.eventlounge.be\/fr\/wp-json\/wp\/v2\/users\/1"}],"replies":[{"embeddable":true,"href":"https:\/\/www.eventlounge.be\/fr\/wp-json\/wp\/v2\/comments?post=139"}],"version-history":[{"count":30,"href":"https:\/\/www.eventlounge.be\/fr\/wp-json\/wp\/v2\/pages\/139\/revisions"}],"predecessor-version":[{"id":4225,"href":"https:\/\/www.eventlounge.be\/fr\/wp-json\/wp\/v2\/pages\/139\/revisions\/4225"}],"up":[{"embeddable":true,"href":"https:\/\/www.eventlounge.be\/fr\/wp-json\/wp\/v2\/pages\/28"}],"wp:featuredmedia":[{"embeddable":true,"href":"https:\/\/www.eventlounge.be\/fr\/wp-json\/wp\/v2\/media\/141"}],"wp:attachment":[{"href":"https:\/\/www.eventlounge.be\/fr\/wp-json\/wp\/v2\/media?parent=139"}],"curies":[{"name":"wp","href":"https:\/\/api.w.org\/{rel}","templated":true}]}}