{"id":51,"date":"2023-09-21T11:28:17","date_gmt":"2023-09-21T11:28:17","guid":{"rendered":"https:\/\/www.eventlounge.be\/evl23\/?page_id=51"},"modified":"2025-01-02T13:22:38","modified_gmt":"2025-01-02T13:22:38","slug":"galerie","status":"publish","type":"page","link":"https:\/\/www.eventlounge.be\/fr\/galerie\/","title":{"rendered":"Galerie"},"content":{"rendered":"","protected":false},"excerpt":{"rendered":"","protected":false},"author":1,"featured_media":11,"parent":0,"menu_order":0,"comment_status":"closed","ping_status":"closed","template":"tpl-galleries.php","meta":{"_acf_changed":false,"footnotes":""},"class_list":["post-51","page","type-page","status-publish","has-post-thumbnail","hentry"],"acf":[],"yoast_head":"<!-- This site is optimized with the Yoast SEO plugin v26.9 - https:\/\/yoast.com\/product\/yoast-seo-wordpress\/ -->\n<title>Galerie - Eventlounge<\/title>\n<meta name=\"robots\" content=\"index, follow, max-snippet:-1, max-image-preview:large, max-video-preview:-1\" \/>\n<link rel=\"canonical\" href=\"https:\/\/www.eventlounge.be\/fr\/galerie\/\" \/>\n<meta property=\"og:locale\" content=\"fr_FR\" \/>\n<meta property=\"og:type\" content=\"article\" \/>\n<meta property=\"og:title\" content=\"Galerie - Eventlounge\" \/>\n<meta property=\"og:url\" content=\"https:\/\/www.eventlounge.be\/fr\/galerie\/\" \/>\n<meta property=\"og:site_name\" content=\"Eventlounge\" \/>\n<meta property=\"article:publisher\" content=\"https:\/\/www.facebook.com\/EventLoungeBEL\/\" \/>\n<meta property=\"article:modified_time\" content=\"2025-01-02T13:22:38+00:00\" \/>\n<meta property=\"og:image\" content=\"https:\/\/www.eventlounge.be\/wp-content\/uploads\/2023\/09\/20230311_great_026-scaled.webp\" \/>\n\t<meta property=\"og:image:width\" content=\"2560\" \/>\n\t<meta property=\"og:image:height\" content=\"1707\" \/>\n\t<meta property=\"og:image:type\" content=\"image\/jpeg\" \/>\n<meta name=\"twitter:card\" content=\"summary_large_image\" \/>\n<script type=\"application\/ld+json\" class=\"yoast-schema-graph\">{\"@context\":\"https:\/\/schema.org\",\"@graph\":[{\"@type\":\"WebPage\",\"@id\":\"https:\/\/www.eventlounge.be\/fr\/galerie\/\",\"url\":\"https:\/\/www.eventlounge.be\/fr\/galerie\/\",\"name\":\"Galerie - Eventlounge\",\"isPartOf\":{\"@id\":\"https:\/\/www.eventlounge.be\/nl\/#website\"},\"primaryImageOfPage\":{\"@id\":\"https:\/\/www.eventlounge.be\/fr\/galerie\/#primaryimage\"},\"image\":{\"@id\":\"https:\/\/www.eventlounge.be\/fr\/galerie\/#primaryimage\"},\"thumbnailUrl\":\"https:\/\/www.eventlounge.be\/wp-content\/uploads\/2023\/09\/20230311_great_026-scaled.webp\",\"datePublished\":\"2023-09-21T11:28:17+00:00\",\"dateModified\":\"2025-01-02T13:22:38+00:00\",\"breadcrumb\":{\"@id\":\"https:\/\/www.eventlounge.be\/fr\/galerie\/#breadcrumb\"},\"inLanguage\":\"fr-FR\",\"potentialAction\":[{\"@type\":\"ReadAction\",\"target\":[\"https:\/\/www.eventlounge.be\/fr\/galerie\/\"]}]},{\"@type\":\"ImageObject\",\"inLanguage\":\"fr-FR\",\"@id\":\"https:\/\/www.eventlounge.be\/fr\/galerie\/#primaryimage\",\"url\":\"https:\/\/www.eventlounge.be\/wp-content\/uploads\/2023\/09\/20230311_great_026-scaled.webp\",\"contentUrl\":\"https:\/\/www.eventlounge.be\/wp-content\/uploads\/2023\/09\/20230311_great_026-scaled.webp\",\"width\":2560,\"height\":1707,\"caption\":\"Vue int\u00e9rieure de la salle d'\u00e9v\u00e9nement de l'Event Lounge\"},{\"@type\":\"BreadcrumbList\",\"@id\":\"https:\/\/www.eventlounge.be\/fr\/galerie\/#breadcrumb\",\"itemListElement\":[{\"@type\":\"ListItem\",\"position\":1,\"name\":\"Home\",\"item\":\"https:\/\/www.eventlounge.be\/fr\/\"},{\"@type\":\"ListItem\",\"position\":2,\"name\":\"Galerie\"}]},{\"@type\":\"WebSite\",\"@id\":\"https:\/\/www.eventlounge.be\/nl\/#website\",\"url\":\"https:\/\/www.eventlounge.be\/nl\/\",\"name\":\"Eventlounge\",\"description\":\"\",\"publisher\":{\"@id\":\"https:\/\/www.eventlounge.be\/nl\/#organization\"},\"potentialAction\":[{\"@type\":\"SearchAction\",\"target\":{\"@type\":\"EntryPoint\",\"urlTemplate\":\"https:\/\/www.eventlounge.be\/nl\/?s={search_term_string}\"},\"query-input\":{\"@type\":\"PropertyValueSpecification\",\"valueRequired\":true,\"valueName\":\"search_term_string\"}}],\"inLanguage\":\"fr-FR\"},{\"@type\":\"Organization\",\"@id\":\"https:\/\/www.eventlounge.be\/nl\/#organization\",\"name\":\"Eventlounge\",\"url\":\"https:\/\/www.eventlounge.be\/nl\/\",\"logo\":{\"@type\":\"ImageObject\",\"inLanguage\":\"fr-FR\",\"@id\":\"https:\/\/www.eventlounge.be\/nl\/#\/schema\/logo\/image\/\",\"url\":\"https:\/\/www.eventlounge.be\/wp-content\/uploads\/2023\/12\/EVENTLOUNGE.png\",\"contentUrl\":\"https:\/\/www.eventlounge.be\/wp-content\/uploads\/2023\/12\/EVENTLOUNGE.png\",\"width\":557,\"height\":441,\"caption\":\"Eventlounge\"},\"image\":{\"@id\":\"https:\/\/www.eventlounge.be\/nl\/#\/schema\/logo\/image\/\"},\"sameAs\":[\"https:\/\/www.facebook.com\/EventLoungeBEL\/\",\"https:\/\/www.instagram.com\/eventloungebrussels\/\",\"https:\/\/www.linkedin.com\/company\/the-event-lounge\/\"]}]}<\/script>\n<!-- \/ Yoast SEO plugin. -->","yoast_head_json":{"title":"Galerie - Eventlounge","robots":{"index":"index","follow":"follow","max-snippet":"max-snippet:-1","max-image-preview":"max-image-preview:large","max-video-preview":"max-video-preview:-1"},"canonical":"https:\/\/www.eventlounge.be\/fr\/galerie\/","og_locale":"fr_FR","og_type":"article","og_title":"Galerie - Eventlounge","og_url":"https:\/\/www.eventlounge.be\/fr\/galerie\/","og_site_name":"Eventlounge","article_publisher":"https:\/\/www.facebook.com\/EventLoungeBEL\/","article_modified_time":"2025-01-02T13:22:38+00:00","og_image":[{"width":2560,"height":1707,"url":"https:\/\/www.eventlounge.be\/wp-content\/uploads\/2023\/09\/20230311_great_026-scaled.webp","type":"image\/jpeg"}],"twitter_card":"summary_large_image","schema":{"@context":"https:\/\/schema.org","@graph":[{"@type":"WebPage","@id":"https:\/\/www.eventlounge.be\/fr\/galerie\/","url":"https:\/\/www.eventlounge.be\/fr\/galerie\/","name":"Galerie - Eventlounge","isPartOf":{"@id":"https:\/\/www.eventlounge.be\/nl\/#website"},"primaryImageOfPage":{"@id":"https:\/\/www.eventlounge.be\/fr\/galerie\/#primaryimage"},"image":{"@id":"https:\/\/www.eventlounge.be\/fr\/galerie\/#primaryimage"},"thumbnailUrl":"https:\/\/www.eventlounge.be\/wp-content\/uploads\/2023\/09\/20230311_great_026-scaled.webp","datePublished":"2023-09-21T11:28:17+00:00","dateModified":"2025-01-02T13:22:38+00:00","breadcrumb":{"@id":"https:\/\/www.eventlounge.be\/fr\/galerie\/#breadcrumb"},"inLanguage":"fr-FR","potentialAction":[{"@type":"ReadAction","target":["https:\/\/www.eventlounge.be\/fr\/galerie\/"]}]},{"@type":"ImageObject","inLanguage":"fr-FR","@id":"https:\/\/www.eventlounge.be\/fr\/galerie\/#primaryimage","url":"https:\/\/www.eventlounge.be\/wp-content\/uploads\/2023\/09\/20230311_great_026-scaled.webp","contentUrl":"https:\/\/www.eventlounge.be\/wp-content\/uploads\/2023\/09\/20230311_great_026-scaled.webp","width":2560,"height":1707,"caption":"Vue int\u00e9rieure de la salle d'\u00e9v\u00e9nement de l'Event Lounge"},{"@type":"BreadcrumbList","@id":"https:\/\/www.eventlounge.be\/fr\/galerie\/#breadcrumb","itemListElement":[{"@type":"ListItem","position":1,"name":"Home","item":"https:\/\/www.eventlounge.be\/fr\/"},{"@type":"ListItem","position":2,"name":"Galerie"}]},{"@type":"WebSite","@id":"https:\/\/www.eventlounge.be\/nl\/#website","url":"https:\/\/www.eventlounge.be\/nl\/","name":"Eventlounge","description":"","publisher":{"@id":"https:\/\/www.eventlounge.be\/nl\/#organization"},"potentialAction":[{"@type":"SearchAction","target":{"@type":"EntryPoint","urlTemplate":"https:\/\/www.eventlounge.be\/nl\/?s={search_term_string}"},"query-input":{"@type":"PropertyValueSpecification","valueRequired":true,"valueName":"search_term_string"}}],"inLanguage":"fr-FR"},{"@type":"Organization","@id":"https:\/\/www.eventlounge.be\/nl\/#organization","name":"Eventlounge","url":"https:\/\/www.eventlounge.be\/nl\/","logo":{"@type":"ImageObject","inLanguage":"fr-FR","@id":"https:\/\/www.eventlounge.be\/nl\/#\/schema\/logo\/image\/","url":"https:\/\/www.eventlounge.be\/wp-content\/uploads\/2023\/12\/EVENTLOUNGE.png","contentUrl":"https:\/\/www.eventlounge.be\/wp-content\/uploads\/2023\/12\/EVENTLOUNGE.png","width":557,"height":441,"caption":"Eventlounge"},"image":{"@id":"https:\/\/www.eventlounge.be\/nl\/#\/schema\/logo\/image\/"},"sameAs":["https:\/\/www.facebook.com\/EventLoungeBEL\/","https:\/\/www.instagram.com\/eventloungebrussels\/","https:\/\/www.linkedin.com\/company\/the-event-lounge\/"]}]}},"_links":{"self":[{"href":"https:\/\/www.eventlounge.be\/fr\/wp-json\/wp\/v2\/pages\/51","targetHints":{"allow":["GET"]}}],"collection":[{"href":"https:\/\/www.eventlounge.be\/fr\/wp-json\/wp\/v2\/pages"}],"about":[{"href":"https:\/\/www.eventlounge.be\/fr\/wp-json\/wp\/v2\/types\/page"}],"author":[{"embeddable":true,"href":"https:\/\/www.eventlounge.be\/fr\/wp-json\/wp\/v2\/users\/1"}],"replies":[{"embeddable":true,"href":"https:\/\/www.eventlounge.be\/fr\/wp-json\/wp\/v2\/comments?post=51"}],"version-history":[{"count":19,"href":"https:\/\/www.eventlounge.be\/fr\/wp-json\/wp\/v2\/pages\/51\/revisions"}],"predecessor-version":[{"id":5079,"href":"https:\/\/www.eventlounge.be\/fr\/wp-json\/wp\/v2\/pages\/51\/revisions\/5079"}],"wp:featuredmedia":[{"embeddable":true,"href":"https:\/\/www.eventlounge.be\/fr\/wp-json\/wp\/v2\/media\/11"}],"wp:attachment":[{"href":"https:\/\/www.eventlounge.be\/fr\/wp-json\/wp\/v2\/media?parent=51"}],"curies":[{"name":"wp","href":"https:\/\/api.w.org\/{rel}","templated":true}]}}