{"id":55,"date":"2023-09-21T11:28:47","date_gmt":"2023-09-21T11:28:47","guid":{"rendered":"https:\/\/www.eventlounge.be\/evl23\/?page_id=55"},"modified":"2026-04-13T07:30:27","modified_gmt":"2026-04-13T07:30:27","slug":"documents","status":"publish","type":"page","link":"https:\/\/www.eventlounge.be\/fr\/documents\/","title":{"rendered":"Documents"},"content":{"rendered":"<p>Bienvenue sur l\u2019espace de t\u00e9l\u00e9chargements du site \u00e9v\u00e9nementiel de l\u2019Event Lounge. Vous y retrouverez les documents n\u00e9cessaires \u00e0 la pr\u00e9paration de votre \u00e9v\u00e9nement, tels que notre brochure, logo, fiche tarifaire, plans d\u2019acc\u00e8s et techniques, \u2026 En cas de probl\u00e8me de t\u00e9l\u00e9chargement ou questions \u00e9ventuelles, veuillez adresser un mail \u00e0 <a href=\"mailto:info@eventlounge.be\">info@eventlounge.be<\/a>.<\/p>\n","protected":false},"excerpt":{"rendered":"Bienvenue sur l\u2019espace de t\u00e9l\u00e9chargements du site \u00e9v\u00e9nementiel de l\u2019Event Lounge. Vous y retrouverez les documents n\u00e9cessaires \u00e0 la pr\u00e9paration de votre \u00e9v\u00e9nement, tels que notre brochure, logo, fiche tarifaire, plans d\u2019acc\u00e8s et techniques, \u2026 En cas de probl\u00e8me de t\u00e9l\u00e9chargement ou questions \u00e9ventuelles, veuillez adresser un mail \u00e0 info@eventlounge.be.","protected":false},"author":1,"featured_media":5434,"parent":0,"menu_order":0,"comment_status":"closed","ping_status":"closed","template":"tpl-documents.php","meta":{"_acf_changed":false,"footnotes":""},"class_list":["post-55","page","type-page","status-publish","has-post-thumbnail","hentry"],"acf":[],"yoast_head":"<!-- This site is optimized with the Yoast SEO plugin v26.9 - https:\/\/yoast.com\/product\/yoast-seo-wordpress\/ -->\n<title>Documents - Eventlounge<\/title>\n<meta name=\"robots\" content=\"index, follow, max-snippet:-1, max-image-preview:large, max-video-preview:-1\" \/>\n<link rel=\"canonical\" href=\"https:\/\/www.eventlounge.be\/fr\/documents\/\" \/>\n<meta property=\"og:locale\" content=\"fr_FR\" \/>\n<meta property=\"og:type\" content=\"article\" \/>\n<meta property=\"og:title\" content=\"Documents - Eventlounge\" \/>\n<meta property=\"og:description\" content=\"Bienvenue sur l\u2019espace de t\u00e9l\u00e9chargements du site \u00e9v\u00e9nementiel de l\u2019Event Lounge. Vous y retrouverez les documents n\u00e9cessaires \u00e0 la pr\u00e9paration de votre \u00e9v\u00e9nement, tels que notre brochure, logo, fiche tarifaire, plans d\u2019acc\u00e8s et techniques, \u2026 En cas de probl\u00e8me de t\u00e9l\u00e9chargement ou questions \u00e9ventuelles, veuillez adresser un mail \u00e0 info@eventlounge.be.\" \/>\n<meta property=\"og:url\" content=\"https:\/\/www.eventlounge.be\/fr\/documents\/\" \/>\n<meta property=\"og:site_name\" content=\"Eventlounge\" \/>\n<meta property=\"article:publisher\" content=\"https:\/\/www.facebook.com\/EventLoungeBEL\/\" \/>\n<meta property=\"article:modified_time\" content=\"2026-04-13T07:30:27+00:00\" \/>\n<meta property=\"og:image\" content=\"https:\/\/www.eventlounge.be\/wp-content\/uploads\/2025\/11\/Bifold-Brochure-Mockup-scaled-1.webp\" \/>\n\t<meta property=\"og:image:width\" content=\"2560\" \/>\n\t<meta property=\"og:image:height\" content=\"1707\" \/>\n\t<meta property=\"og:image:type\" content=\"image\/jpeg\" \/>\n<meta name=\"twitter:card\" content=\"summary_large_image\" \/>\n<meta name=\"twitter:label1\" content=\"Dur\u00e9e de lecture estim\u00e9e\" \/>\n\t<meta name=\"twitter:data1\" content=\"1 minute\" \/>\n<script type=\"application\/ld+json\" class=\"yoast-schema-graph\">{\"@context\":\"https:\/\/schema.org\",\"@graph\":[{\"@type\":\"WebPage\",\"@id\":\"https:\/\/www.eventlounge.be\/fr\/documents\/\",\"url\":\"https:\/\/www.eventlounge.be\/fr\/documents\/\",\"name\":\"Documents - Eventlounge\",\"isPartOf\":{\"@id\":\"https:\/\/www.eventlounge.be\/nl\/#website\"},\"primaryImageOfPage\":{\"@id\":\"https:\/\/www.eventlounge.be\/fr\/documents\/#primaryimage\"},\"image\":{\"@id\":\"https:\/\/www.eventlounge.be\/fr\/documents\/#primaryimage\"},\"thumbnailUrl\":\"https:\/\/www.eventlounge.be\/wp-content\/uploads\/2025\/11\/Bifold-Brochure-Mockup-scaled-1.webp\",\"datePublished\":\"2023-09-21T11:28:47+00:00\",\"dateModified\":\"2026-04-13T07:30:27+00:00\",\"breadcrumb\":{\"@id\":\"https:\/\/www.eventlounge.be\/fr\/documents\/#breadcrumb\"},\"inLanguage\":\"fr-FR\",\"potentialAction\":[{\"@type\":\"ReadAction\",\"target\":[\"https:\/\/www.eventlounge.be\/fr\/documents\/\"]}]},{\"@type\":\"ImageObject\",\"inLanguage\":\"fr-FR\",\"@id\":\"https:\/\/www.eventlounge.be\/fr\/documents\/#primaryimage\",\"url\":\"https:\/\/www.eventlounge.be\/wp-content\/uploads\/2025\/11\/Bifold-Brochure-Mockup-scaled-1.webp\",\"contentUrl\":\"https:\/\/www.eventlounge.be\/wp-content\/uploads\/2025\/11\/Bifold-Brochure-Mockup-scaled-1.webp\",\"width\":2560,\"height\":1707},{\"@type\":\"BreadcrumbList\",\"@id\":\"https:\/\/www.eventlounge.be\/fr\/documents\/#breadcrumb\",\"itemListElement\":[{\"@type\":\"ListItem\",\"position\":1,\"name\":\"Home\",\"item\":\"https:\/\/www.eventlounge.be\/fr\/\"},{\"@type\":\"ListItem\",\"position\":2,\"name\":\"Documents\"}]},{\"@type\":\"WebSite\",\"@id\":\"https:\/\/www.eventlounge.be\/nl\/#website\",\"url\":\"https:\/\/www.eventlounge.be\/nl\/\",\"name\":\"Eventlounge\",\"description\":\"\",\"publisher\":{\"@id\":\"https:\/\/www.eventlounge.be\/nl\/#organization\"},\"potentialAction\":[{\"@type\":\"SearchAction\",\"target\":{\"@type\":\"EntryPoint\",\"urlTemplate\":\"https:\/\/www.eventlounge.be\/nl\/?s={search_term_string}\"},\"query-input\":{\"@type\":\"PropertyValueSpecification\",\"valueRequired\":true,\"valueName\":\"search_term_string\"}}],\"inLanguage\":\"fr-FR\"},{\"@type\":\"Organization\",\"@id\":\"https:\/\/www.eventlounge.be\/nl\/#organization\",\"name\":\"Eventlounge\",\"url\":\"https:\/\/www.eventlounge.be\/nl\/\",\"logo\":{\"@type\":\"ImageObject\",\"inLanguage\":\"fr-FR\",\"@id\":\"https:\/\/www.eventlounge.be\/nl\/#\/schema\/logo\/image\/\",\"url\":\"https:\/\/www.eventlounge.be\/wp-content\/uploads\/2023\/12\/EVENTLOUNGE.png\",\"contentUrl\":\"https:\/\/www.eventlounge.be\/wp-content\/uploads\/2023\/12\/EVENTLOUNGE.png\",\"width\":557,\"height\":441,\"caption\":\"Eventlounge\"},\"image\":{\"@id\":\"https:\/\/www.eventlounge.be\/nl\/#\/schema\/logo\/image\/\"},\"sameAs\":[\"https:\/\/www.facebook.com\/EventLoungeBEL\/\",\"https:\/\/www.instagram.com\/eventloungebrussels\/\",\"https:\/\/www.linkedin.com\/company\/the-event-lounge\/\"]}]}<\/script>\n<!-- \/ Yoast SEO plugin. -->","yoast_head_json":{"title":"Documents - Eventlounge","robots":{"index":"index","follow":"follow","max-snippet":"max-snippet:-1","max-image-preview":"max-image-preview:large","max-video-preview":"max-video-preview:-1"},"canonical":"https:\/\/www.eventlounge.be\/fr\/documents\/","og_locale":"fr_FR","og_type":"article","og_title":"Documents - Eventlounge","og_description":"Bienvenue sur l\u2019espace de t\u00e9l\u00e9chargements du site \u00e9v\u00e9nementiel de l\u2019Event Lounge. Vous y retrouverez les documents n\u00e9cessaires \u00e0 la pr\u00e9paration de votre \u00e9v\u00e9nement, tels que notre brochure, logo, fiche tarifaire, plans d\u2019acc\u00e8s et techniques, \u2026 En cas de probl\u00e8me de t\u00e9l\u00e9chargement ou questions \u00e9ventuelles, veuillez adresser un mail \u00e0 info@eventlounge.be.","og_url":"https:\/\/www.eventlounge.be\/fr\/documents\/","og_site_name":"Eventlounge","article_publisher":"https:\/\/www.facebook.com\/EventLoungeBEL\/","article_modified_time":"2026-04-13T07:30:27+00:00","og_image":[{"width":2560,"height":1707,"url":"https:\/\/www.eventlounge.be\/wp-content\/uploads\/2025\/11\/Bifold-Brochure-Mockup-scaled-1.webp","type":"image\/jpeg"}],"twitter_card":"summary_large_image","twitter_misc":{"Dur\u00e9e de lecture estim\u00e9e":"1 minute"},"schema":{"@context":"https:\/\/schema.org","@graph":[{"@type":"WebPage","@id":"https:\/\/www.eventlounge.be\/fr\/documents\/","url":"https:\/\/www.eventlounge.be\/fr\/documents\/","name":"Documents - Eventlounge","isPartOf":{"@id":"https:\/\/www.eventlounge.be\/nl\/#website"},"primaryImageOfPage":{"@id":"https:\/\/www.eventlounge.be\/fr\/documents\/#primaryimage"},"image":{"@id":"https:\/\/www.eventlounge.be\/fr\/documents\/#primaryimage"},"thumbnailUrl":"https:\/\/www.eventlounge.be\/wp-content\/uploads\/2025\/11\/Bifold-Brochure-Mockup-scaled-1.webp","datePublished":"2023-09-21T11:28:47+00:00","dateModified":"2026-04-13T07:30:27+00:00","breadcrumb":{"@id":"https:\/\/www.eventlounge.be\/fr\/documents\/#breadcrumb"},"inLanguage":"fr-FR","potentialAction":[{"@type":"ReadAction","target":["https:\/\/www.eventlounge.be\/fr\/documents\/"]}]},{"@type":"ImageObject","inLanguage":"fr-FR","@id":"https:\/\/www.eventlounge.be\/fr\/documents\/#primaryimage","url":"https:\/\/www.eventlounge.be\/wp-content\/uploads\/2025\/11\/Bifold-Brochure-Mockup-scaled-1.webp","contentUrl":"https:\/\/www.eventlounge.be\/wp-content\/uploads\/2025\/11\/Bifold-Brochure-Mockup-scaled-1.webp","width":2560,"height":1707},{"@type":"BreadcrumbList","@id":"https:\/\/www.eventlounge.be\/fr\/documents\/#breadcrumb","itemListElement":[{"@type":"ListItem","position":1,"name":"Home","item":"https:\/\/www.eventlounge.be\/fr\/"},{"@type":"ListItem","position":2,"name":"Documents"}]},{"@type":"WebSite","@id":"https:\/\/www.eventlounge.be\/nl\/#website","url":"https:\/\/www.eventlounge.be\/nl\/","name":"Eventlounge","description":"","publisher":{"@id":"https:\/\/www.eventlounge.be\/nl\/#organization"},"potentialAction":[{"@type":"SearchAction","target":{"@type":"EntryPoint","urlTemplate":"https:\/\/www.eventlounge.be\/nl\/?s={search_term_string}"},"query-input":{"@type":"PropertyValueSpecification","valueRequired":true,"valueName":"search_term_string"}}],"inLanguage":"fr-FR"},{"@type":"Organization","@id":"https:\/\/www.eventlounge.be\/nl\/#organization","name":"Eventlounge","url":"https:\/\/www.eventlounge.be\/nl\/","logo":{"@type":"ImageObject","inLanguage":"fr-FR","@id":"https:\/\/www.eventlounge.be\/nl\/#\/schema\/logo\/image\/","url":"https:\/\/www.eventlounge.be\/wp-content\/uploads\/2023\/12\/EVENTLOUNGE.png","contentUrl":"https:\/\/www.eventlounge.be\/wp-content\/uploads\/2023\/12\/EVENTLOUNGE.png","width":557,"height":441,"caption":"Eventlounge"},"image":{"@id":"https:\/\/www.eventlounge.be\/nl\/#\/schema\/logo\/image\/"},"sameAs":["https:\/\/www.facebook.com\/EventLoungeBEL\/","https:\/\/www.instagram.com\/eventloungebrussels\/","https:\/\/www.linkedin.com\/company\/the-event-lounge\/"]}]}},"_links":{"self":[{"href":"https:\/\/www.eventlounge.be\/fr\/wp-json\/wp\/v2\/pages\/55","targetHints":{"allow":["GET"]}}],"collection":[{"href":"https:\/\/www.eventlounge.be\/fr\/wp-json\/wp\/v2\/pages"}],"about":[{"href":"https:\/\/www.eventlounge.be\/fr\/wp-json\/wp\/v2\/types\/page"}],"author":[{"embeddable":true,"href":"https:\/\/www.eventlounge.be\/fr\/wp-json\/wp\/v2\/users\/1"}],"replies":[{"embeddable":true,"href":"https:\/\/www.eventlounge.be\/fr\/wp-json\/wp\/v2\/comments?post=55"}],"version-history":[{"count":64,"href":"https:\/\/www.eventlounge.be\/fr\/wp-json\/wp\/v2\/pages\/55\/revisions"}],"predecessor-version":[{"id":5675,"href":"https:\/\/www.eventlounge.be\/fr\/wp-json\/wp\/v2\/pages\/55\/revisions\/5675"}],"wp:featuredmedia":[{"embeddable":true,"href":"https:\/\/www.eventlounge.be\/fr\/wp-json\/wp\/v2\/media\/5434"}],"wp:attachment":[{"href":"https:\/\/www.eventlounge.be\/fr\/wp-json\/wp\/v2\/media?parent=55"}],"curies":[{"name":"wp","href":"https:\/\/api.w.org\/{rel}","templated":true}]}}